{"id":844,"date":"2014-09-26T15:08:14","date_gmt":"2014-09-26T14:08:14","guid":{"rendered":"http:\/\/double-e-farm.eu\/?page_id=844"},"modified":"2023-11-14T11:38:31","modified_gmt":"2023-11-14T10:38:31","slug":"installations","status":"publish","type":"page","link":"https:\/\/double-e-farm.eu\/de\/installations\/","title":{"rendered":"Die Farm"},"content":{"rendered":"<p><div class=\"slideshow_container slideshow_container_style-light\" style=\"height: 600px; \" data-session-id=\"0\" data-style-name=\"style-light\" data-style-version=\"2.2.21\">\r\n\r\n\t\t\t<div class=\"slideshow_loading_icon\"><\/div>\r\n\t\r\n\t<div class=\"slideshow_content\" style=\"display: none;\">\r\n\r\n\t\t<div class=\"slideshow_view\">\r\n\t\t\t<div class=\"slideshow_slide slideshow_slide_image\">\r\n\t\t\t\t\t\t\t\t\t<img src=\"https:\/\/double-e-farm.eu\/wp-content\/uploads\/2023\/11\/installations01.jpg\" alt=\"installations Double e farm \" width=\"800\" height=\"336\" \/>\r\n\t\t\t\t\t\t\t\t<div class=\"slideshow_description_box slideshow_transparent\">\r\n\t\t\t\t\t<div class=\"slideshow_title\">*<\/div>\t\t\t\t\t\t\t\t\t<\/div>\r\n\t\t\t<\/div>\r\n\r\n\t\t\t<div style=\"clear: both;\"><\/div><\/div><div class=\"slideshow_view\">\r\n\t\t\t<div class=\"slideshow_slide slideshow_slide_image\">\r\n\t\t\t\t\t\t\t\t\t<img src=\"https:\/\/double-e-farm.eu\/wp-content\/uploads\/2023\/11\/working_area01.jpg\" alt=\"Working area\" width=\"800\" height=\"591\" \/>\r\n\t\t\t\t\t\t\t\t<div class=\"slideshow_description_box slideshow_transparent\">\r\n\t\t\t\t\t<div class=\"slideshow_title\">Working area<\/div>\t\t\t\t\t\t\t\t\t<\/div>\r\n\t\t\t<\/div>\r\n\r\n\t\t\t<div style=\"clear: both;\"><\/div><\/div><div class=\"slideshow_view\">\r\n\t\t\t<div class=\"slideshow_slide slideshow_slide_image\">\r\n\t\t\t\t\t\t\t\t\t<img src=\"https:\/\/double-e-farm.eu\/wp-content\/uploads\/2023\/11\/shower01.jpg\" alt=\"shower area\" width=\"800\" height=\"493\" \/>\r\n\t\t\t\t\t\t\t\t<div class=\"slideshow_description_box slideshow_transparent\">\r\n\t\t\t\t\t<div class=\"slideshow_title\">shower area<\/div>\t\t\t\t\t\t\t\t\t<\/div>\r\n\t\t\t<\/div>\r\n\r\n\t\t\t<div style=\"clear: both;\"><\/div><\/div>\r\n\t<\/div>\r\n\r\n\t<div class=\"slideshow_controlPanel slideshow_transparent\" style=\"display: none;\"><ul><li class=\"slideshow_togglePlay\" data-play-text=\"Play\" data-pause-text=\"Pause\"><\/li><\/ul><\/div>\r\n\r\n\t<div class=\"slideshow_button slideshow_previous slideshow_transparent\" role=\"button\" data-previous-text=\"Previous\" style=\"display: none;\"><\/div>\r\n\t<div class=\"slideshow_button slideshow_next slideshow_transparent\" role=\"button\" data-next-text=\"Next\" style=\"display: none;\"><\/div>\r\n\r\n\t<div class=\"slideshow_pagination\" style=\"display: none;\" data-go-to-text=\"Go to slide\"><div class=\"slideshow_pagination_center\"><\/div><\/div>\r\n\r\n\t<!-- WordPress Slideshow Version 2.2.21 -->\r\n\r\n\t<\/div><\/p>\n<p>&nbsp;<\/p>\n<p>Un espace d&#8217;\u00e9levage, de travail, d&#8217;apprentissage et d&#8217;accueil, afin de vous faire partager notre passion et pratiquer l&#8217;\u00e9quitation western&#8230;<\/p>\n<h2>Nos \u00e9quipements : ( installation en cours )<\/h2>\n<ul class=\"listborder\">\n<li>22 &#8222;boxes&#8220;<\/li>\n<li>de nombreux paddocks<\/li>\n<li>plusieurs hectares de pr\u00e9s<\/li>\n<li>un man\u00e8ge<\/li>\n<li>un rond de longe couvert<\/li>\n<li>une carri\u00e8re de reining de 40m x 60m (en cours)<\/li>\n<li>une salle de soins<\/li>\n<li>une barre d&#8217;inspection et d&#8217;ins\u00e9mination<\/li>\n<li>une douche eau chaude<\/li>\n<li>un solarium<\/li>\n<\/ul>\n<p>TOUS NOS BOXES SONT SOUS VIDEO-SURVEILLANCE.<\/p>","protected":false},"excerpt":{"rendered":"<p>&nbsp; Un espace d&#8217;\u00e9levage, de travail, d&#8217;apprentissage et d&#8217;accueil, afin de vous faire partager notre passion et pratiquer l&#8217;\u00e9quitation western&#8230; Nos \u00e9quipements : ( installation en cours ) 22 &#8222;boxes&#8220; de nombreux paddocks plusieurs hectares de pr\u00e9s un man\u00e8ge un rond de longe couvert une carri\u00e8re de reining de 40m x 60m (en cours) une [&hellip;]<\/p>\n","protected":false},"author":4,"featured_media":0,"parent":0,"menu_order":0,"comment_status":"open","ping_status":"open","template":"","meta":{"footnotes":""},"_links":{"self":[{"href":"https:\/\/double-e-farm.eu\/de\/wp-json\/wp\/v2\/pages\/844"}],"collection":[{"href":"https:\/\/double-e-farm.eu\/de\/wp-json\/wp\/v2\/pages"}],"about":[{"href":"https:\/\/double-e-farm.eu\/de\/wp-json\/wp\/v2\/types\/page"}],"author":[{"embeddable":true,"href":"https:\/\/double-e-farm.eu\/de\/wp-json\/wp\/v2\/users\/4"}],"replies":[{"embeddable":true,"href":"https:\/\/double-e-farm.eu\/de\/wp-json\/wp\/v2\/comments?post=844"}],"version-history":[{"count":34,"href":"https:\/\/double-e-farm.eu\/de\/wp-json\/wp\/v2\/pages\/844\/revisions"}],"predecessor-version":[{"id":2951,"href":"https:\/\/double-e-farm.eu\/de\/wp-json\/wp\/v2\/pages\/844\/revisions\/2951"}],"wp:attachment":[{"href":"https:\/\/double-e-farm.eu\/de\/wp-json\/wp\/v2\/media?parent=844"}],"curies":[{"name":"wp","href":"https:\/\/api.w.org\/{rel}","templated":true}]}}